{"id":6,"date":"2022-02-23T08:36:24","date_gmt":"2022-02-23T07:36:24","guid":{"rendered":"http:\/\/labellelurette.art\/?page_id=6"},"modified":"2023-04-27T16:05:04","modified_gmt":"2023-04-27T14:05:04","slug":"__trashed-2","status":"publish","type":"page","link":"https:\/\/labellelurette.art\/","title":{"rendered":"Accueil"},"content":{"rendered":"<p>[et_pb_section fb_built=\u00a0\u00bb1&Prime; _builder_version=\u00a0\u00bb4.14.8&Prime; _module_preset=\u00a0\u00bbdefault\u00a0\u00bb custom_padding=\u00a0\u00bb||0px|||\u00a0\u00bb global_colors_info=\u00a0\u00bb{}\u00a0\u00bb][et_pb_row _builder_version=\u00a0\u00bb4.14.8&Prime; _module_preset=\u00a0\u00bbdefault\u00a0\u00bb min_height=\u00a0\u00bb686.8px\u00a0\u00bb custom_margin=\u00a0\u00bb|auto|26px|auto||\u00a0\u00bb custom_padding=\u00a0\u00bb22px|2px|0px|||\u00a0\u00bb global_colors_info=\u00a0\u00bb{}\u00a0\u00bb][et_pb_column type=\u00a0\u00bb4_4&Prime; _builder_version=\u00a0\u00bb4.14.8&Prime; _module_preset=\u00a0\u00bbdefault\u00a0\u00bb global_colors_info=\u00a0\u00bb{}\u00a0\u00bb][et_pb_text _builder_version=\u00a0\u00bb4.14.8&Prime; _module_preset=\u00a0\u00bbdefault\u00a0\u00bb text_font=\u00a0\u00bbCookie||||||||\u00a0\u00bb text_text_color=\u00a0\u00bb#000000&Prime; text_font_size=\u00a0\u00bb26px\u00a0\u00bb custom_padding=\u00a0\u00bb0px||0px|||\u00a0\u00bb inline_fonts=\u00a0\u00bbCookie\u00a0\u00bb global_colors_info=\u00a0\u00bb{}\u00a0\u00bb]<\/p>\n<p style=\"text-align: center;\"><span style=\"color: #000000;\"><span style=\"font-size: x-large; font-family: Cookie; font-weight: normal;\">\u00ab\u00a0Je voudrais que tout le monde f\u00fbt artiste, assez po\u00e8te pour que la vanit\u00e9 humaine dispar\u00fbt\u00a0\u00bb. <\/span><span style=\"font-size: x-large; font-family: Cookie; font-weight: normal;\">(Louise Michel)<\/span><\/span><\/p>\n<p style=\"text-align: center;\"><span style=\"color: #000000;\"><span style=\"font-size: x-large; font-family: Cookie; font-weight: normal;\"><span lang=\"fr-FR\"><span style=\"font-style: normal;\">La Belle Lurette, un site de petits bijoux militants <\/span><\/span><\/span><span style=\"font-size: x-large; font-family: Cookie; font-weight: normal;\"><span lang=\"fr-FR\"><span style=\"font-style: normal;\">pour celles et ceux qui luttent sans renoncer \u00e0 la beaut\u00e9 et la joie de vivre !<\/span><\/span><\/span><span style=\"font-size: x-large; font-family: Cookie; font-weight: normal;\"><\/span><\/span><\/p>\n<p class=\"western\" style=\"margin-bottom: 0cm; font-style: normal; font-weight: normal; line-height: 115%;\" align=\"left\"><span style=\"font-family: Cookie; color: #000000;\"><span style=\"font-size: large;\"><\/span><\/span><\/p>\n<p>[\/et_pb_text][et_pb_accordion toggle_icon=\u00a0\u00bb&#x3b;||divi||400&Prime; _builder_version=\u00a0\u00bb4.14.8&Prime; _module_preset=\u00a0\u00bbdefault\u00a0\u00bb hover_enabled=\u00a0\u00bb0&Prime; global_colors_info=\u00a0\u00bb{}\u00a0\u00bb sticky_enabled=\u00a0\u00bb0&Prime;][et_pb_accordion_item title=\u00a0\u00bbDu c\u00f4t\u00e9 des sorci\u00e8res&#8230;\u00a0\u00bb open=\u00a0\u00bbon\u00a0\u00bb open_toggle_text_color=\u00a0\u00bb#d8975b\u00a0\u00bb open_toggle_background_color=\u00a0\u00bb#d8975b\u00a0\u00bb closed_toggle_text_color=\u00a0\u00bb#d8975b\u00a0\u00bb closed_toggle_background_color=\u00a0\u00bb#d8975b\u00a0\u00bb icon_color=\u00a0\u00bb#d8975b\u00a0\u00bb toggle_icon=\u00a0\u00bb&#x3b;||divi||400&Prime; use_icon_font_size=\u00a0\u00bbon\u00a0\u00bb icon_font_size=\u00a0\u00bb26px\u00a0\u00bb _builder_version=\u00a0\u00bb4.14.8&Prime; _module_preset=\u00a0\u00bbdefault\u00a0\u00bb body_font=\u00a0\u00bbCookie||||||||\u00a0\u00bb body_text_align=\u00a0\u00bbleft\u00a0\u00bb body_text_color=\u00a0\u00bb#d8975b\u00a0\u00bb body_font_size=\u00a0\u00bb26px\u00a0\u00bb background_image=\u00a0\u00bbhttps:\/\/labellelurette.art\/wp-content\/uploads\/2023\/04\/Asia-scaled.jpg\u00a0\u00bb background_enable_image=\u00a0\u00bbon\u00a0\u00bb parallax=\u00a0\u00bbon\u00a0\u00bb link_option_url=\u00a0\u00bbhttps:\/\/labellelurette.art\/?page_id=242&#038;et_fb=1&#038;PageSpeed=off\u00a0\u00bb hover_enabled=\u00a0\u00bb0&Prime; global_colors_info=\u00a0\u00bb{}\u00a0\u00bb toggle_text_color=\u00a0\u00bb#d8975b\u00a0\u00bb toggle_font=\u00a0\u00bbCookie||||||||\u00a0\u00bb toggle_text_align=\u00a0\u00bbleft\u00a0\u00bb toggle_font_size=\u00a0\u00bb30px\u00a0\u00bb sticky_enabled=\u00a0\u00bb0&Prime; title_text=\u00a0\u00bbAsia\u00a0\u00bb]<\/p>\n<p><a href=\"https:\/\/labellelurette.art\/?page_id=416&amp;et_fb=1&amp;PageSpeed=off\">Les barrettes<\/a><\/p>\n<p><a href=\"https:\/\/labellelurette.art\/?page_id=146&amp;et_fb=1&amp;PageSpeed=off\">Les boucles d&rsquo;oreilles<\/a><\/p>\n<p>&nbsp;<\/p>\n<p>&nbsp;<\/p>\n<p>[\/et_pb_accordion_item][et_pb_accordion_item title=\u00a0\u00bbDu c\u00f4t\u00e9 anticolonialiste&#8230;\u00a0\u00bb open_toggle_text_color=\u00a0\u00bb#f6e0a2&Prime; icon_color=\u00a0\u00bb#f6e0a2&Prime; toggle_icon=\u00a0\u00bb&#x3b;||divi||400&Prime; use_icon_font_size=\u00a0\u00bbon\u00a0\u00bb icon_font_size=\u00a0\u00bb26px\u00a0\u00bb _builder_version=\u00a0\u00bb4.14.8&Prime; _dynamic_attributes=\u00a0\u00bbtitle\u00a0\u00bb _module_preset=\u00a0\u00bbdefault\u00a0\u00bb body_font=\u00a0\u00bbCookie||||||||\u00a0\u00bb body_text_align=\u00a0\u00bbleft\u00a0\u00bb body_text_color=\u00a0\u00bb#f6e0a2&Prime; body_font_size=\u00a0\u00bb26px\u00a0\u00bb background_image=\u00a0\u00bbhttps:\/\/labellelurette.art\/wp-content\/uploads\/2023\/04\/Angela-scaled.jpg\u00a0\u00bb background_enable_image=\u00a0\u00bbon\u00a0\u00bb hover_enabled=\u00a0\u00bb0&Prime; global_colors_info=\u00a0\u00bb{}\u00a0\u00bb toggle_text_color=\u00a0\u00bb#F6E0A2&Prime; toggle_font=\u00a0\u00bbCookie||||||||\u00a0\u00bb toggle_text_align=\u00a0\u00bbleft\u00a0\u00bb toggle_font_size=\u00a0\u00bb28px\u00a0\u00bb toggle_font_size_tablet=\u00a0\u00bb32px\u00a0\u00bb toggle_font_size_phone=\u00a0\u00bb32px\u00a0\u00bb toggle_font_size_last_edited=\u00a0\u00bbon|desktop\u00a0\u00bb open=\u00a0\u00bboff\u00a0\u00bb title_text=\u00a0\u00bbAngela\u00a0\u00bb parallax=\u00a0\u00bbon\u00a0\u00bb sticky_enabled=\u00a0\u00bb0&Prime;]<\/p>\n<p>\u00a0\u00a0 Les boucles d&rsquo;oreilles<\/p>\n<p>\u00a0\u00a0 Les bracelets<\/p>\n<p>&nbsp;<\/p>\n<p>&nbsp;<\/p>\n<p>[\/et_pb_accordion_item][et_pb_accordion_item title=\u00a0\u00bbDu c\u00f4t\u00e9 d&rsquo;un monde sans fronti\u00e8res&#8230;\u00a0\u00bb open_toggle_text_color=\u00a0\u00bb#602816&Prime; icon_color=\u00a0\u00bb#602816&Prime; toggle_icon=\u00a0\u00bb&#x3b;||divi||400&Prime; use_icon_font_size=\u00a0\u00bbon\u00a0\u00bb icon_font_size=\u00a0\u00bb26px\u00a0\u00bb _builder_version=\u00a0\u00bb4.14.8&Prime; _module_preset=\u00a0\u00bbdefault\u00a0\u00bb body_font=\u00a0\u00bbCookie||on||||||\u00a0\u00bb body_text_color=\u00a0\u00bb#602816&Prime; body_font_size=\u00a0\u00bb26px\u00a0\u00bb global_colors_info=\u00a0\u00bb{}\u00a0\u00bb toggle_text_color=\u00a0\u00bb#602816&Prime; toggle_font=\u00a0\u00bbCookie||||||||\u00a0\u00bb toggle_text_align=\u00a0\u00bbleft\u00a0\u00bb toggle_font_size=\u00a0\u00bb30px\u00a0\u00bb open=\u00a0\u00bboff\u00a0\u00bb]<\/p>\n<p>\u00a0\u00a0 &#8230; \u00e0 venir&#8230;<\/p>\n<p>&nbsp;<\/p>\n<p>&nbsp;<\/p>\n<p>[\/et_pb_accordion_item][\/et_pb_accordion][\/et_pb_column][\/et_pb_row][\/et_pb_section]<\/p>\n","protected":false},"excerpt":{"rendered":"<p>\u00ab\u00a0Je voudrais que tout le monde f\u00fbt artiste, assez po\u00e8te pour que la vanit\u00e9 humaine dispar\u00fbt\u00a0\u00bb. (Louise Michel) La Belle Lurette, un site de petits bijoux militants pour celles et ceux qui luttent sans renoncer \u00e0 la beaut\u00e9 et la joie de vivre ! Les barrettes Les boucles d&rsquo;oreilles &nbsp; &nbsp;\u00a0\u00a0 Les boucles d&rsquo;oreilles \u00a0\u00a0 [&hellip;]<\/p>\n","protected":false},"author":1,"featured_media":0,"parent":0,"menu_order":0,"comment_status":"closed","ping_status":"closed","template":"","meta":{"_et_pb_use_builder":"on","_et_pb_old_content":"<!-- wp:paragraph -->\n<p>Vous pourriez \u00eatre un artiste et vouloir pr\u00e9senter vos travaux et vous m\u00eame ou encore \u00eatre une entreprise avec une mission \u00e0 promouvoir.<\/p>\n<!-- \/wp:paragraph -->","_et_gb_content_width":"","footnotes":""},"class_list":["post-6","page","type-page","status-publish","hentry"],"_links":{"self":[{"href":"https:\/\/labellelurette.art\/index.php?rest_route=\/wp\/v2\/pages\/6","targetHints":{"allow":["GET"]}}],"collection":[{"href":"https:\/\/labellelurette.art\/index.php?rest_route=\/wp\/v2\/pages"}],"about":[{"href":"https:\/\/labellelurette.art\/index.php?rest_route=\/wp\/v2\/types\/page"}],"author":[{"embeddable":true,"href":"https:\/\/labellelurette.art\/index.php?rest_route=\/wp\/v2\/users\/1"}],"replies":[{"embeddable":true,"href":"https:\/\/labellelurette.art\/index.php?rest_route=%2Fwp%2Fv2%2Fcomments&post=6"}],"version-history":[{"count":120,"href":"https:\/\/labellelurette.art\/index.php?rest_route=\/wp\/v2\/pages\/6\/revisions"}],"predecessor-version":[{"id":430,"href":"https:\/\/labellelurette.art\/index.php?rest_route=\/wp\/v2\/pages\/6\/revisions\/430"}],"wp:attachment":[{"href":"https:\/\/labellelurette.art\/index.php?rest_route=%2Fwp%2Fv2%2Fmedia&parent=6"}],"curies":[{"name":"wp","href":"https:\/\/api.w.org\/{rel}","templated":true}]}}